{"id":604,"date":"2020-12-08T09:58:11","date_gmt":"2020-12-08T09:58:11","guid":{"rendered":"https:\/\/misschloe.thevelvetrooms.com\/the-donation\/"},"modified":"2020-12-16T10:11:29","modified_gmt":"2020-12-16T10:11:29","slug":"das-honorar","status":"publish","type":"page","link":"https:\/\/misschloe.thevelvetrooms.com\/de\/das-honorar\/","title":{"rendered":"Das Honorar"},"content":{"rendered":"<p>[vc_row][vc_column][vc_single_image image=&#8221;596&#8243; img_size=&#8221;full&#8221; alignment=&#8221;center&#8221;][\/vc_column][\/vc_row][vc_row][vc_column]<div class='headline'><h1>F\u00fcr Incalls<\/h1><\/div>[vc_column_text]<\/p>\n<p style=\"text-align: center;\">Hier ist mein Geschenk f\u00fcr eine sch\u00f6ne Erotische Zeit zusammen.<\/p>\n<table class=\"tbl-center aligncenter\">\n<tbody>\n<tr>\n<td><strong>Preise f\u00fcr (registrierte) TVR Mitglieder:<\/strong><\/td>\n<\/tr>\n<tr>\n<td>60 Min 300.- \/ 90Min 450.- \/ 120Min 550.-<\/td>\n<\/tr>\n<\/tbody>\n<\/table>\n<table class=\"tbl-center aligncenter\">\n<tbody>\n<tr>\n<td><strong>Preise f\u00fcr nicht TVR-Members:<\/strong><\/td>\n<\/tr>\n<tr>\n<td>60 Min 350.- \/ 90Min 500.- \/ 120Min 600.-<\/td>\n<\/tr>\n<\/tbody>\n<\/table>\n<p style=\"text-align: center;\">Registrieren Sie sich kostenlos und anonym bei <a href=\"https:\/\/www.thevelvetrooms.com\/de\/\" target=\"_blank\" rel=\"noopener\"><strong>www.thevelvetrooms.com<\/strong><\/a> und lerne unsere hochkar\u00e4tige Philosophie kennen.<\/p>\n<p>[\/vc_column_text][\/vc_column][\/vc_row][vc_row][vc_column]<div class='headline'><h1>Outcall und Reisebegleitung<\/h1><\/div>[vc_column_text]<\/p>\n<table class=\"tbl-center alignleft\">\n<tbody>\n<tr>\n<td style=\"text-align: center;\"><strong>Hotelbesuch\/Hausbesuch:<\/strong><\/td>\n<\/tr>\n<tr>\n<td>2 Stunden: 600.- \/ 3 Stunden 750 .- \/ 4 Stunden 900.- \/<\/td>\n<\/tr>\n<tr>\n<td>12 Stunden 1600.- \/ 24 Stunden 2400.-\/<\/td>\n<\/tr>\n<\/tbody>\n<\/table>\n<p style=\"text-align: center;\">Wenn es einen l\u00e4ngeren Taxifahrt zu Ihnen erforderlich ist, zus\u00e4tzliche kosten k\u00f6nnen anfallen. In dem Fall ist der Preis f\u00fcr die Taxifahrt im voraus zu leisten (\u00fcber PayPal).<\/p>\n<table class=\"tbl-center aligncenter\">\n<tbody>\n<tr>\n<td><strong>Reisebegleitung:<\/strong><\/td>\n<\/tr>\n<tr>\n<td>Wochenende: 48 Stunden 3400.- \/<\/td>\n<\/tr>\n<tr>\n<td>Eine Woche: 7 Tage 6500.- \/<\/td>\n<\/tr>\n<tr>\n<td>Zusatztag: 900.-\/<\/td>\n<\/tr>\n<\/tbody>\n<\/table>\n<p style=\"text-align: center;\"><em>Wichtige Hinweise und Regeln bei einem Buchung von Reisen und f\u00fcr Wochenende:<\/em><\/p>\n<p style=\"text-align: center;\"><em>Ihre gew\u00fcnschte Termin f\u00fcr einen Reisebegleitung wird nach der Anzahlung (PayPal oder pers\u00f6nlich) von 25% des Honorars von mir best\u00e4tigt. Bei einer Absage (ohne wichtige Gr\u00fcnde w.z.B Gesundheitsprobleme) von weniger als 24 Stunden haben Sie die M\u00f6glichkeit von die Umbuchung innerhalb einen Jahr f\u00fcr Ihre Einzahlung.<\/em><\/p>\n<p style=\"text-align: center;\"><em>Um die Zahlung von 75% des Honorars biete ich Sie in bar durch \u00dcbergabe eines unverschlossenen Briefumschlags.<\/em><\/p>\n<p>[\/vc_column_text][\/vc_column][\/vc_row][vc_row css=&#8221;.vc_custom_1608030652225{margin-top: 60px !important;}&#8221; nfw_row_anchor=&#8221;footer-wrapper&#8221;][vc_column width=&#8221;1\/2&#8243;]<div class='headline'><h1>TELEFON<\/h1><\/div>[vc_column_text]<\/p>\n<h4 style=\"text-align: center;\">+41 76 508 74 27<\/h4>\n<p>[\/vc_column_text][\/vc_column][vc_column width=&#8221;1\/2&#8243;]<div class='headline'><h1>EMAIL<\/h1><\/div>[vc_column_text]<\/p>\n<h4 style=\"text-align: center;\"><a href=\"mailto:misschloe@thevelvetrooms.com\">misschloe@thevelvetrooms.com<\/a><\/h4>\n<p>[\/vc_column_text][\/vc_column][\/vc_row]<\/p>\n","protected":false},"excerpt":{"rendered":"<p>[vc_row][vc_column][vc_single_image image=&#8221;596&#8243; img_size=&#8221;full&#8221; alignment=&#8221;center&#8221;][\/vc_column][\/vc_row][vc_row][vc_column][vc_column_text] Hier ist mein Geschenk f\u00fcr eine sch\u00f6ne Erotische Zeit zusammen. Preise f\u00fcr (registrierte) TVR Mitglieder: 60 Min 300.- \/ 90Min 450.- \/ 120Min 550.- Preise f\u00fcr nicht TVR-Members: 60 Min 350.- \/ 90Min 500.- \/ 120Min 600.- Registrieren Sie sich kostenlos und anonym bei www.thevelvetrooms.com und lerne unsere hochkar\u00e4tige Philosophie kennen. [&hellip;]<\/p>\n","protected":false},"author":2,"featured_media":0,"parent":0,"menu_order":4,"comment_status":"closed","ping_status":"closed","template":"","meta":[],"yoast_head":"<!-- This site is optimized with the Yoast SEO plugin v15.5 - https:\/\/yoast.com\/wordpress\/plugins\/seo\/ -->\n<title>Das Honorar - Chloe<\/title>\n<meta name=\"robots\" content=\"index, follow, max-snippet:-1, max-image-preview:large, max-video-preview:-1\" \/>\n<link rel=\"canonical\" href=\"https:\/\/misschloe.thevelvetrooms.com\/de\/das-honorar\/\" \/>\n<meta property=\"og:locale\" content=\"de_DE\" \/>\n<meta property=\"og:type\" content=\"article\" \/>\n<meta property=\"og:title\" content=\"Das Honorar - Chloe\" \/>\n<meta property=\"og:description\" content=\"[vc_row][vc_column][vc_single_image image=&#8221;596&#8243; img_size=&#8221;full&#8221; alignment=&#8221;center&#8221;][\/vc_column][\/vc_row][vc_row][vc_column][vc_column_text] Hier ist mein Geschenk f\u00fcr eine sch\u00f6ne Erotische Zeit zusammen. Preise f\u00fcr (registrierte) TVR Mitglieder: 60 Min 300.- \/ 90Min 450.- \/ 120Min 550.- Preise f\u00fcr nicht TVR-Members: 60 Min 350.- \/ 90Min 500.- \/ 120Min 600.- Registrieren Sie sich kostenlos und anonym bei www.thevelvetrooms.com und lerne unsere hochkar\u00e4tige Philosophie kennen. [&hellip;]\" \/>\n<meta property=\"og:url\" content=\"https:\/\/misschloe.thevelvetrooms.com\/de\/das-honorar\/\" \/>\n<meta property=\"og:site_name\" content=\"Chloe\" \/>\n<meta property=\"article:modified_time\" content=\"2020-12-16T10:11:29+00:00\" \/>\n<meta name=\"twitter:card\" content=\"summary_large_image\" \/>\n<meta name=\"twitter:label1\" content=\"Gesch\u00e4tzte Lesezeit\">\n\t<meta name=\"twitter:data1\" content=\"1\u00a0Minute\">\n<script type=\"application\/ld+json\" class=\"yoast-schema-graph\">{\"@context\":\"https:\/\/schema.org\",\"@graph\":[{\"@type\":\"WebSite\",\"@id\":\"https:\/\/misschloe.thevelvetrooms.com\/#website\",\"url\":\"https:\/\/misschloe.thevelvetrooms.com\/\",\"name\":\"Chloe\",\"description\":\"Enjoy the ultimate girlfriend-experience\",\"potentialAction\":[{\"@type\":\"SearchAction\",\"target\":\"https:\/\/misschloe.thevelvetrooms.com\/?s={search_term_string}\",\"query-input\":\"required name=search_term_string\"}],\"inLanguage\":\"de\"},{\"@type\":\"WebPage\",\"@id\":\"https:\/\/misschloe.thevelvetrooms.com\/de\/das-honorar\/#webpage\",\"url\":\"https:\/\/misschloe.thevelvetrooms.com\/de\/das-honorar\/\",\"name\":\"Das Honorar - Chloe\",\"isPartOf\":{\"@id\":\"https:\/\/misschloe.thevelvetrooms.com\/#website\"},\"datePublished\":\"2020-12-08T09:58:11+00:00\",\"dateModified\":\"2020-12-16T10:11:29+00:00\",\"inLanguage\":\"de\",\"potentialAction\":[{\"@type\":\"ReadAction\",\"target\":[\"https:\/\/misschloe.thevelvetrooms.com\/de\/das-honorar\/\"]}]}]}<\/script>\n<!-- \/ Yoast SEO plugin. -->","_links":{"self":[{"href":"https:\/\/misschloe.thevelvetrooms.com\/de\/wp-json\/wp\/v2\/pages\/604"}],"collection":[{"href":"https:\/\/misschloe.thevelvetrooms.com\/de\/wp-json\/wp\/v2\/pages"}],"about":[{"href":"https:\/\/misschloe.thevelvetrooms.com\/de\/wp-json\/wp\/v2\/types\/page"}],"author":[{"embeddable":true,"href":"https:\/\/misschloe.thevelvetrooms.com\/de\/wp-json\/wp\/v2\/users\/2"}],"replies":[{"embeddable":true,"href":"https:\/\/misschloe.thevelvetrooms.com\/de\/wp-json\/wp\/v2\/comments?post=604"}],"version-history":[{"count":12,"href":"https:\/\/misschloe.thevelvetrooms.com\/de\/wp-json\/wp\/v2\/pages\/604\/revisions"}],"predecessor-version":[{"id":846,"href":"https:\/\/misschloe.thevelvetrooms.com\/de\/wp-json\/wp\/v2\/pages\/604\/revisions\/846"}],"wp:attachment":[{"href":"https:\/\/misschloe.thevelvetrooms.com\/de\/wp-json\/wp\/v2\/media?parent=604"}],"curies":[{"name":"wp","href":"https:\/\/api.w.org\/{rel}","templated":true}]}}