{"id":590,"date":"2020-12-08T09:57:54","date_gmt":"2020-12-08T09:57:54","guid":{"rendered":"https:\/\/misschloe.thevelvetrooms.com\/about-me\/"},"modified":"2020-12-17T11:27:23","modified_gmt":"2020-12-17T11:27:23","slug":"ueber-mich","status":"publish","type":"page","link":"https:\/\/misschloe.thevelvetrooms.com\/de\/ueber-mich\/","title":{"rendered":"\u00dcber mich"},"content":{"rendered":"<p>[vc_row][vc_column][vc_single_image image=&#8221;591&#8243; img_size=&#8221;full&#8221; alignment=&#8221;center&#8221;][\/vc_column][\/vc_row][vc_row css=&#8221;.vc_custom_1607678238772{margin-top: 60px !important;margin-bottom: 60px !important;}&#8221;][vc_column]<div class='headline'><h1>\u00dcBER CHLOE<\/h1><\/div>[\/vc_column][\/vc_row][vc_row nfw_row_anchor=&#8221;about-container&#8221;][vc_column width=&#8221;1\/3&#8243; el_class=&#8221;about-chloe-info&#8221;][vc_column_text el_class=&#8221;about-chloe&#8221;]<\/p>\n<table>\n<tbody>\n<tr>\n<td><strong>Herkunft<\/strong>:<\/td>\n<td>Ungarn<\/td>\n<\/tr>\n<tr>\n<td><strong>Alter<\/strong>:<\/td>\n<td>27<\/td>\n<\/tr>\n<tr>\n<td><strong>Augen<\/strong>:<\/td>\n<td>Gr\u00fcn<\/td>\n<\/tr>\n<tr>\n<td><strong>Haare<\/strong>:<\/td>\n<td>Blond<\/td>\n<\/tr>\n<tr>\n<td><strong>Gr\u00f6sse<\/strong>:<\/td>\n<td>165 cm<\/td>\n<\/tr>\n<tr>\n<td><strong>Gewicht<\/strong>:<\/td>\n<td>55 kg<\/td>\n<\/tr>\n<tr>\n<td><strong>Cup Size<\/strong>:<\/td>\n<td>C<\/td>\n<\/tr>\n<tr>\n<td><strong>Schuhgr\u00f6sse<\/strong>:<\/td>\n<td>37<\/td>\n<\/tr>\n<tr>\n<td><strong>Kleidergr\u00f6sse<\/strong>:<\/td>\n<td>S<\/td>\n<\/tr>\n<tr>\n<td><strong>Rauchen<\/strong>:<\/td>\n<td>Nein<\/td>\n<\/tr>\n<tr>\n<td><strong>Alkohol<\/strong>:<\/td>\n<td>Manchmal<\/td>\n<\/tr>\n<tr>\n<td><strong>Sprachen<\/strong>:<\/td>\n<td>Deutsch, Englisch<\/td>\n<\/tr>\n<\/tbody>\n<\/table>\n<p>[\/vc_column_text][\/vc_column][vc_column width=&#8221;1\/3&#8243;][vc_single_image image=&#8221;884&#8243; img_size=&#8221;full&#8221; alignment=&#8221;center&#8221; el_id=&#8221;line-woman&#8221;][\/vc_column][vc_column width=&#8221;1\/3&#8243;][vc_column_text]<\/p>\n<table>\n<tbody>\n<tr>\n<td><strong>Hobbies, Interessen:<\/strong><\/td>\n<\/tr>\n<tr>\n<td>Reisen (Bergen, Meer, Gourmetreisen)<\/td>\n<\/tr>\n<tr>\n<td>tauchen<\/td>\n<\/tr>\n<tr>\n<td>Arts, historische Sehensw\u00fcrdigkeiten<\/td>\n<\/tr>\n<tr>\n<td>verschiedene Kulturen<\/td>\n<\/tr>\n<tr>\n<td>gute B\u00fccher, Theater, Sport<\/td>\n<\/tr>\n<\/tbody>\n<\/table>\n<p>[\/vc_column_text][\/vc_column][\/vc_row][vc_row css=&#8221;.vc_custom_1607678238772{margin-top: 60px !important;margin-bottom: 60px !important;}&#8221;][vc_column]<div class='headline'><h1>Ich in W\u00f6rter &amp; Mein Stil<\/h1><\/div>[\/vc_column][\/vc_row][vc_row gap=&#8221;35&#8243; equal_height=&#8221;yes&#8221;][vc_column width=&#8221;5\/12&#8243; el_class=&#8221;chloe-style&#8221; css=&#8221;.vc_custom_1608203969196{margin-top: 100px !important;}&#8221;][vc_column_text]<strong>Mein Stil (und wie man mich zum L\u00e4cheln bringen kann) \ud83d\ude42 <\/strong><\/p>\n<table>\n<tbody>\n<tr>\n<td>Parf\u00fcms<\/td>\n<td>Dior-J&#8217;adore, Carolina Herrera-Gutes M\u00e4dchen<\/td>\n<\/tr>\n<tr>\n<td>Schuhe<\/td>\n<td>Nayboot, Michael Kors<\/td>\n<\/tr>\n<tr>\n<td>Unterw\u00e4sche<\/td>\n<td>Victoria Secret, Beldona<\/td>\n<\/tr>\n<tr>\n<td>Kleidung<\/td>\n<td>Michael Kors (Xs), The Kooples (Gr\u00f6\u00dfe 1)<\/td>\n<\/tr>\n<tr>\n<td>Handtaschen<\/td>\n<td>Maison Heroine, Coach, Rituals-Produkte<\/td>\n<\/tr>\n<tr>\n<td>Bevorzugtes K\u00fcche<\/td>\n<td>Japanisch, Vegetarische<\/td>\n<\/tr>\n<tr>\n<td>Getr\u00e4nke<\/td>\n<td>Weine, Champagne<\/td>\n<\/tr>\n<\/tbody>\n<\/table>\n<p>[\/vc_column_text][\/vc_column][vc_column width=&#8221;2\/12&#8243; el_class=&#8221;chloe-white-flower&#8221;][vc_single_image image=&#8221;808&#8243; img_size=&#8221;full&#8221; alignment=&#8221;center&#8221;][\/vc_column][vc_column width=&#8221;5\/12&#8243;][vc_single_image image=&#8221;946&#8243; img_size=&#8221;full&#8221; el_class=&#8221;about-chloe-lines&#8221;][\/vc_column][\/vc_row][vc_row css=&#8221;.vc_custom_1607679346122{margin-top: 60px !important;}&#8221;][vc_column][vc_single_image image=&#8221;783&#8243; img_size=&#8221;full&#8221;][\/vc_column][\/vc_row][vc_row][vc_column]<div class='testimonial fixed'>\r\n                                        \r\n                            <blockquote>\r\n                                <h4 class='mute'>A gentleman is one who puts more into the world than he takes out.<br \/><\/h4>\r\n                            <\/blockquote>\r\n                            \r\n                            \r\n                            \r\n                            <h3>\r\n                                George Bernard Shaw<br>\r\n                                \r\n                            <\/h3>\r\n                            \r\n                        <\/div>[\/vc_column][\/vc_row][vc_row][vc_column][vc_separator color=&#8221;black&#8221;][\/vc_column][\/vc_row][vc_row][vc_column][vc_column_text]<\/p>\n<p style=\"text-align: center;\">F\u00fcr mich die attraktivsten M\u00e4nner waren immer die Gentlemans und werden es auch in Zukunft sein. Ich liebe es, Ihre liebevolle und sanfte H\u00e4nde auf mich zu f\u00fchlen!<\/p>\n<p style=\"text-align: center;\">Wollen Sie wissen, ob ich Sie suche? Ich suche nach Ihnen, wenn..<\/p>\n<p>&nbsp;<\/p>\n<table class=\" aligncenter\">\n<tbody>\n<tr>\n<td>Sie ein echter Gentleman sind, der h\u00f6flich und nett ist, und eine Frau respektvoll behandelt. Ein echter Gentleman geht mit jedem gleich respektvoll um.<\/td>\n<\/tr>\n<tr>\n<td>Sie fokussieren sich auf die Frau und freuen sich, sie gl\u00fccklich zu machen und sie zum L\u00e4cheln zu bringen.<\/td>\n<\/tr>\n<tr>\n<td>Als Gentleman haben Sie eine respektvolle Umgang mit Frauen und k\u00f6nnen Sie Komplimente auf eine richtige Art und Weise ausdr\u00fccken. Sie k\u00f6nnen eine Frau als eine sch\u00f6ne Person betrachten und nicht nur als h\u00fcbsches Gesicht mit hei\u00dfem K\u00f6rper.<\/td>\n<\/tr>\n<tr>\n<td>Sie haben immer eine gute Hygiene!<\/td>\n<\/tr>\n<tr>\n<td>Sie k\u00f6nnen p\u00fcnktlich sein. P\u00fcnktilchkeit bleibt immer ein attraktives &#8220;Ding&#8221; ! Das zeigt mir ganz deutlich, wie Sie andere Menschen respektieren. Seien Sie nicht zu sp\u00e4t oder gar zu fr\u00fch, das ist nicht angenehm.<\/td>\n<\/tr>\n<tr>\n<td>Sie wissen, was Grossz\u00fcgigkeit bedeutet. Ein grossz\u00fcgiger und aufmerksamer Gentleman kann die richtigen Geschenke f\u00fcr eine Frau erkennen und finden, um sein wirkliches Interesse an ihr zu zeigen und sie dadurch aufzumuntern. Gro\u00dfz\u00fcgigkeit ist immer die richtige Wahl, denn sie hat einen Welleneffekt. Wenn ein Gentleman etwas Nettes oder Gro\u00dfz\u00fcgiges tut, wirkt sich das tats\u00e4chlich auf die Frau aus und erh\u00f6ht die Wahrscheinlichkeit, dass sie auch gro\u00dfherzig ist und dem Mann noch mehr Aufmerksamkeit schenkt<\/td>\n<\/tr>\n<\/tbody>\n<\/table>\n<p>&nbsp;<\/p>\n<p style=\"text-align: center;\"><strong>Bitte denken Sie daran, dass meine Einstellung immer davon abh\u00e4ngt, wie Sie mich behandeln.<\/strong><\/p>\n<p>[\/vc_column_text][\/vc_column][\/vc_row][vc_row css=&#8221;.vc_custom_1608030591138{margin-top: 60px !important;}&#8221; nfw_row_anchor=&#8221;footer-wrapper&#8221;][vc_column width=&#8221;1\/2&#8243;]<div class='headline'><h1>TELEFON<\/h1><\/div>[vc_column_text]<\/p>\n<h4 style=\"text-align: center;\">+41 76 508 74 27<\/h4>\n<p>[\/vc_column_text][\/vc_column][vc_column width=&#8221;1\/2&#8243;]<div class='headline'><h1>EMAIL<\/h1><\/div>[vc_column_text]<\/p>\n<h4 style=\"text-align: center;\"><a href=\"mailto:misschloe@thevelvetrooms.com\">misschloe@thevelvetrooms.com<\/a><\/h4>\n<p>[\/vc_column_text][\/vc_column][\/vc_row]<\/p>\n","protected":false},"excerpt":{"rendered":"<p>[vc_row][vc_column][vc_single_image image=&#8221;591&#8243; img_size=&#8221;full&#8221; alignment=&#8221;center&#8221;][\/vc_column][\/vc_row][vc_row css=&#8221;.vc_custom_1607678238772{margin-top: 60px !important;margin-bottom: 60px !important;}&#8221;][vc_column][\/vc_column][\/vc_row][vc_row nfw_row_anchor=&#8221;about-container&#8221;][vc_column width=&#8221;1\/3&#8243; el_class=&#8221;about-chloe-info&#8221;][vc_column_text el_class=&#8221;about-chloe&#8221;] Herkunft: Ungarn Alter: 27 Augen: Gr\u00fcn Haare: Blond Gr\u00f6sse: 165 cm Gewicht: 55 kg Cup Size: C Schuhgr\u00f6sse: 37 Kleidergr\u00f6sse: S Rauchen: Nein Alkohol: Manchmal Sprachen: Deutsch, Englisch [\/vc_column_text][\/vc_column][vc_column width=&#8221;1\/3&#8243;][vc_single_image image=&#8221;884&#8243; img_size=&#8221;full&#8221; alignment=&#8221;center&#8221; el_id=&#8221;line-woman&#8221;][\/vc_column][vc_column width=&#8221;1\/3&#8243;][vc_column_text] Hobbies, Interessen: Reisen (Bergen, Meer, Gourmetreisen) tauchen [&hellip;]<\/p>\n","protected":false},"author":2,"featured_media":0,"parent":0,"menu_order":2,"comment_status":"closed","ping_status":"closed","template":"","meta":[],"yoast_head":"<!-- This site is optimized with the Yoast SEO plugin v15.5 - https:\/\/yoast.com\/wordpress\/plugins\/seo\/ -->\n<title>\u00dcber mich - Chloe<\/title>\n<meta name=\"robots\" content=\"index, follow, max-snippet:-1, max-image-preview:large, max-video-preview:-1\" \/>\n<link rel=\"canonical\" href=\"https:\/\/misschloe.thevelvetrooms.com\/de\/ueber-mich\/\" \/>\n<meta property=\"og:locale\" content=\"de_DE\" \/>\n<meta property=\"og:type\" content=\"article\" \/>\n<meta property=\"og:title\" content=\"\u00dcber mich - Chloe\" \/>\n<meta property=\"og:description\" content=\"[vc_row][vc_column][vc_single_image image=&#8221;591&#8243; img_size=&#8221;full&#8221; alignment=&#8221;center&#8221;][\/vc_column][\/vc_row][vc_row css=&#8221;.vc_custom_1607678238772{margin-top: 60px !important;margin-bottom: 60px !important;}&#8221;][vc_column][\/vc_column][\/vc_row][vc_row nfw_row_anchor=&#8221;about-container&#8221;][vc_column width=&#8221;1\/3&#8243; el_class=&#8221;about-chloe-info&#8221;][vc_column_text el_class=&#8221;about-chloe&#8221;] Herkunft: Ungarn Alter: 27 Augen: Gr\u00fcn Haare: Blond Gr\u00f6sse: 165 cm Gewicht: 55 kg Cup Size: C Schuhgr\u00f6sse: 37 Kleidergr\u00f6sse: S Rauchen: Nein Alkohol: Manchmal Sprachen: Deutsch, Englisch [\/vc_column_text][\/vc_column][vc_column width=&#8221;1\/3&#8243;][vc_single_image image=&#8221;884&#8243; img_size=&#8221;full&#8221; alignment=&#8221;center&#8221; el_id=&#8221;line-woman&#8221;][\/vc_column][vc_column width=&#8221;1\/3&#8243;][vc_column_text] Hobbies, Interessen: Reisen (Bergen, Meer, Gourmetreisen) tauchen [&hellip;]\" \/>\n<meta property=\"og:url\" content=\"https:\/\/misschloe.thevelvetrooms.com\/de\/ueber-mich\/\" \/>\n<meta property=\"og:site_name\" content=\"Chloe\" \/>\n<meta property=\"article:modified_time\" content=\"2020-12-17T11:27:23+00:00\" \/>\n<meta name=\"twitter:card\" content=\"summary_large_image\" \/>\n<meta name=\"twitter:label1\" content=\"Gesch\u00e4tzte Lesezeit\">\n\t<meta name=\"twitter:data1\" content=\"3\u00a0Minuten\">\n<script type=\"application\/ld+json\" class=\"yoast-schema-graph\">{\"@context\":\"https:\/\/schema.org\",\"@graph\":[{\"@type\":\"WebSite\",\"@id\":\"https:\/\/misschloe.thevelvetrooms.com\/#website\",\"url\":\"https:\/\/misschloe.thevelvetrooms.com\/\",\"name\":\"Chloe\",\"description\":\"Enjoy the ultimate girlfriend-experience\",\"potentialAction\":[{\"@type\":\"SearchAction\",\"target\":\"https:\/\/misschloe.thevelvetrooms.com\/?s={search_term_string}\",\"query-input\":\"required name=search_term_string\"}],\"inLanguage\":\"de\"},{\"@type\":\"WebPage\",\"@id\":\"https:\/\/misschloe.thevelvetrooms.com\/de\/ueber-mich\/#webpage\",\"url\":\"https:\/\/misschloe.thevelvetrooms.com\/de\/ueber-mich\/\",\"name\":\"\\u00dcber mich - Chloe\",\"isPartOf\":{\"@id\":\"https:\/\/misschloe.thevelvetrooms.com\/#website\"},\"datePublished\":\"2020-12-08T09:57:54+00:00\",\"dateModified\":\"2020-12-17T11:27:23+00:00\",\"inLanguage\":\"de\",\"potentialAction\":[{\"@type\":\"ReadAction\",\"target\":[\"https:\/\/misschloe.thevelvetrooms.com\/de\/ueber-mich\/\"]}]}]}<\/script>\n<!-- \/ Yoast SEO plugin. -->","_links":{"self":[{"href":"https:\/\/misschloe.thevelvetrooms.com\/de\/wp-json\/wp\/v2\/pages\/590"}],"collection":[{"href":"https:\/\/misschloe.thevelvetrooms.com\/de\/wp-json\/wp\/v2\/pages"}],"about":[{"href":"https:\/\/misschloe.thevelvetrooms.com\/de\/wp-json\/wp\/v2\/types\/page"}],"author":[{"embeddable":true,"href":"https:\/\/misschloe.thevelvetrooms.com\/de\/wp-json\/wp\/v2\/users\/2"}],"replies":[{"embeddable":true,"href":"https:\/\/misschloe.thevelvetrooms.com\/de\/wp-json\/wp\/v2\/comments?post=590"}],"version-history":[{"count":19,"href":"https:\/\/misschloe.thevelvetrooms.com\/de\/wp-json\/wp\/v2\/pages\/590\/revisions"}],"predecessor-version":[{"id":951,"href":"https:\/\/misschloe.thevelvetrooms.com\/de\/wp-json\/wp\/v2\/pages\/590\/revisions\/951"}],"wp:attachment":[{"href":"https:\/\/misschloe.thevelvetrooms.com\/de\/wp-json\/wp\/v2\/media?parent=590"}],"curies":[{"name":"wp","href":"https:\/\/api.w.org\/{rel}","templated":true}]}}