{"id":579,"date":"2015-06-16T07:54:07","date_gmt":"2015-06-16T07:54:07","guid":{"rendered":"https:\/\/misschloe.thevelvetrooms.com\/home\/"},"modified":"2020-12-17T14:29:45","modified_gmt":"2020-12-17T14:29:45","slug":"home","status":"publish","type":"page","link":"https:\/\/misschloe.thevelvetrooms.com\/de\/","title":{"rendered":"Home"},"content":{"rendered":"<p>[vc_row full_width=&#8221;stretch_row_content_no_spaces&#8221; nfw_background_effect=&#8221;none&#8221; nfw_parallax_effect=&#8221;fixed&#8221; nfw_background_style=&#8221;cover&#8221; nfw_background_position=&#8221;center&#8221; nfw_youtube_mute=&#8221;&#8221; nfw_video_ratio=&#8221;16:9&#8243; nfw_row_anchor=&#8221;home_section&#8221;][vc_column][rev_slider_vc alias=&#8221;home-slider-de&#8221;][\/vc_column][\/vc_row][vc_row nfw_background_effect=&#8221;none&#8221; nfw_parallax_effect=&#8221;fixed&#8221; nfw_background_style=&#8221;cover&#8221; nfw_background_position=&#8221;center&#8221; nfw_youtube_mute=&#8221;&#8221; nfw_video_ratio=&#8221;16:9&#8243; css=&#8221;.vc_custom_1434454759192{padding-top: 100px !important;}&#8221; nfw_row_anchor=&#8221;bio_section&#8221;][vc_column]<div class='headline'><h1>\u00dcBER MICH<\/h1><\/div>[\/vc_column][\/vc_row][vc_row nfw_parallax_effect=&#8221;fixed&#8221; nfw_background_style=&#8221;cover&#8221; nfw_background_position=&#8221;center&#8221; nfw_youtube_mute=&#8221;&#8221; nfw_video_ratio=&#8221;16:9&#8243; nfw_row_anchor=&#8221;about-me-wrapper&#8221;][vc_column][vc_column_text el_class=&#8221;offset1 span10&#8243;]<\/p>\n<p style=\"text-align: center;\">Suchen Sie nach eine einzigartige und authentische Frau, die ein leidenschaftliches Leben f\u00fchrt?<\/p>\n<p style=\"text-align: center;\">Dann sollten Sie mich kennenlernen&#8230;.<\/p>\n<p style=\"text-align: center;\"><strong>Durch meine liebevolle, hingebungsvolle Art und strahlende Pers\u00f6nlichkeit lassen Sie sich der ultimative Girlfriend-experience geniessen.<\/strong><\/p>\n<p style=\"text-align: center;\">Ob Sie sich nach einer kurzen Stunde Abwechslung sehnen, nach einer aufmerksamen Begleiterin zum Abendessen oder nach einer Dame, die Ihren reise mit gutem Energie, Spass und Erotik erf\u00fcllt, ich bin f\u00fcr Sie da! Als leidenschaftliche Reiserin verbringe ich gerne Urlaub weltweit mit Ihnen. Gerne erf\u00fclle ich Ihre W\u00fcnsche und Bed\u00fcrfnisse. Sport und Bewegung spielt eine wichtige Rolle in meinem leben, und wenn Sie f\u00fcr Stadtreisen oder f\u00fcr Outdoor Aktivit\u00e4ten (sporturlaub, tauchen, wandern) einen Begleiterin suchen, bin ich die perfekte Wahl.<\/p>\n<p style=\"text-align: center;\">Ich bin eine Charmante Frau mit bezauberndes L\u00e4cheln und einem kurvenreichen K\u00f6rper, an dem jeder Gentleman Spass finden kann. Meine gr\u00fcne Augen werden Sie verzaubern und in den Bann ziehen. Ich biete eine aufregende Begegnung mit Niveau und viel Leidenschaft an. In unserem gemeinsame Zeit wo Sie mich hautnah erleben, geniessen Sie den sanfte Ber\u00fchrungen durch meinem zarte H\u00e4nde und lassen Sie sich von meinem sinnlichen Lippe verf\u00fchrt werden. Ich habe eine unglaubliche Lebensfreude, Abenteuerlust und offene Art. Ich liebe es, gleichgesinnte Gentlemans zum treffen f\u00fcr prickelnde Stunden.<\/p>\n<p style=\"text-align: center;\">Ich biete einen s\u00fcchtig machenden Begleitservice an. Als anspruchsvoller Mann geniessen Sie den Zeit mit mir, und lassen Sie von mir Ihre alltagen erhellen.<\/p>\n<p style=\"text-align: center;\">Ich bin Ihre notwendige Wende vom allt\u00e4glichen und monotonem Alltag und Ihre &#8220;Energiewandler&#8221; zu &#8220;Gott, ich brauchte diese Art von Gesellschaft&#8221;!<\/p>\n<p style=\"text-align: center;\">Lassen Sie sich fallen und geniessen Sie ein romantisches Date, das in meinem Arm endet.<\/p>\n<p>[\/vc_column_text][\/vc_column][\/vc_row][vc_row nfw_background_effect=&#8221;none&#8221; nfw_parallax_effect=&#8221;fixed&#8221; nfw_background_style=&#8221;cover&#8221; nfw_background_position=&#8221;center&#8221; nfw_youtube_mute=&#8221;&#8221; nfw_video_ratio=&#8221;16:9&#8243; css=&#8221;.vc_custom_1434454797980{padding-top: 100px !important;}&#8221; nfw_row_anchor=&#8221;blog_section&#8221;][vc_column]<div class='headline'><h1>BLOG<\/h1><\/div>[\/vc_column][\/vc_row][vc_row nfw_background_effect=&#8221;none&#8221; nfw_parallax_effect=&#8221;fixed&#8221; nfw_background_style=&#8221;cover&#8221; nfw_background_position=&#8221;center&#8221; nfw_youtube_mute=&#8221;&#8221; nfw_video_ratio=&#8221;16:9&#8243;][vc_column]<div class='row'><div class='span6'><div class='blog-post-2'>\r\n                                \r\n                                <div class='blog-post-title'>\r\n                                    \r\n                                    <h6>Nov. 25, 2021<\/h6>\r\n                                    \r\n                                    <h2>\r\n                                        <a href='https:\/\/misschloe.thevelvetrooms.com\/de\/1649\/'>25. November<\/a>\r\n                                    <\/h2>\r\n                                    \r\n                                    <h6>by Miss Chloe | <a href=\"https:\/\/misschloe.thevelvetrooms.com\/de\/category\/blog-de\/\" rel=\"category tag\">Blog<\/a> | <a href='https:\/\/misschloe.thevelvetrooms.com\/de\/1649\/#respond'>0 Comments<\/a><\/h6>\r\n                                    \r\n                                <\/div>\r\n                                \r\n                                <a class='btn btn-large' href='https:\/\/misschloe.thevelvetrooms.com\/de\/1649\/'>Read the article<\/a>                                                            \r\n                                \r\n                            <\/div><\/div><div class='span6'><div class='blog-post-2'>\r\n                                \r\n                                <div class='blog-post-title'>\r\n                                    \r\n                                    <h6>Juli 08, 2021<\/h6>\r\n                                    \r\n                                    <h2>\r\n                                        <a href='https:\/\/misschloe.thevelvetrooms.com\/de\/was-der-herbst-mit-sich-bringt\/'>Was der Herbst mit sich bringt&#8230;<\/a>\r\n                                    <\/h2>\r\n                                    \r\n                                    <h6>by Miss Chloe | Allgemein | <a href='https:\/\/misschloe.thevelvetrooms.com\/de\/was-der-herbst-mit-sich-bringt\/#respond'>0 Comments<\/a><\/h6>\r\n                                    \r\n                                <\/div>\r\n                                \r\n                                <a class='btn btn-large' href='https:\/\/misschloe.thevelvetrooms.com\/de\/was-der-herbst-mit-sich-bringt\/'>Read the article<\/a>                                                            \r\n                                \r\n                            <\/div><\/div><\/div>[\/vc_column][\/vc_row][vc_row nfw_background_effect=&#8221;none&#8221; nfw_parallax_effect=&#8221;fixed&#8221; nfw_background_style=&#8221;cover&#8221; nfw_background_position=&#8221;center&#8221; nfw_youtube_mute=&#8221;&#8221; nfw_video_ratio=&#8221;16:9&#8243; css=&#8221;.vc_custom_1434454826935{padding-top: 100px !important;padding-bottom: 35px !important;}&#8221; nfw_row_anchor=&#8221;connect_section&#8221;][vc_column]<div class='headline'><h1>CONNECT<\/h1><\/div>[\/vc_column][\/vc_row][vc_row nfw_background_effect=&#8221;none&#8221; nfw_parallax_effect=&#8221;fixed&#8221; nfw_background_style=&#8221;cover&#8221; nfw_background_position=&#8221;center&#8221; nfw_youtube_mute=&#8221;&#8221; nfw_video_ratio=&#8221;16:9&#8243;][vc_column]<div class='text-center'><a class='btn btn-large' href='https:\/\/www.instagram.com\/mrs_chloe_tvr\/' target='_blank'>Follow me on Instagram<\/a><\/div>[\/vc_column][\/vc_row][vc_row nfw_background_effect=&#8221;none&#8221; nfw_parallax_effect=&#8221;fixed&#8221; nfw_background_style=&#8221;cover&#8221; nfw_background_position=&#8221;center&#8221; nfw_youtube_mute=&#8221;&#8221; nfw_video_ratio=&#8221;16:9&#8243; el_class=&#8221;text-center&#8221;][vc_column]<a href='https:\/\/www.instagram.com\/mrs_chloe_tvr\/' class='instagram-icon social-icon' target='_blank'>\r\n                                <i class='fa fa-instagram'><\/i>\r\n                        <\/a>[\/vc_column][\/vc_row][vc_row nfw_background_effect=&#8221;none&#8221; nfw_parallax_effect=&#8221;fixed&#8221; nfw_background_style=&#8221;cover&#8221; nfw_background_position=&#8221;center&#8221; nfw_youtube_mute=&#8221;&#8221; nfw_video_ratio=&#8221;16:9&#8243; css=&#8221;.vc_custom_1434454835828{padding-top: 100px !important;padding-bottom: 35px !important;}&#8221; nfw_row_anchor=&#8221;contact_section&#8221;][vc_column]<div class='headline'><h1>KONTAKT<\/h1><\/div>[\/vc_column][\/vc_row][vc_row nfw_parallax_effect=&#8221;fixed&#8221; nfw_background_style=&#8221;cover&#8221; nfw_background_position=&#8221;center&#8221; nfw_youtube_mute=&#8221;&#8221; nfw_video_ratio=&#8221;16:9&#8243; nfw_row_anchor=&#8221;footer-wrapper&#8221;][vc_column width=&#8221;1\/2&#8243;]<div class='subheadline'>\r\n                    <h4>TELEFON<\/h4>\r\n                <\/div>[vc_column_text]<\/p>\n<h4 style=\"text-align: center;\">+41 76 508 74 27<\/h4>\n<p>[\/vc_column_text][\/vc_column][vc_column width=&#8221;1\/2&#8243;]<div class='subheadline'>\r\n                    <h4>EMAIL<\/h4>\r\n                <\/div>[vc_column_text]<\/p>\n<h4 style=\"text-align: center;\"><a href=\"mailto:misschloe@thevelvetrooms.com\">misschloe@thevelvetrooms.com<\/a><\/h4>\n<p>[\/vc_column_text][\/vc_column][\/vc_row]<\/p>\n","protected":false},"excerpt":{"rendered":"<p>[vc_row full_width=&#8221;stretch_row_content_no_spaces&#8221; nfw_background_effect=&#8221;none&#8221; nfw_parallax_effect=&#8221;fixed&#8221; nfw_background_style=&#8221;cover&#8221; nfw_background_position=&#8221;center&#8221; nfw_youtube_mute=&#8221;&#8221; nfw_video_ratio=&#8221;16:9&#8243; nfw_row_anchor=&#8221;home_section&#8221;][vc_column][rev_slider_vc alias=&#8221;home-slider-de&#8221;][\/vc_column][\/vc_row][vc_row nfw_background_effect=&#8221;none&#8221; nfw_parallax_effect=&#8221;fixed&#8221; nfw_background_style=&#8221;cover&#8221; nfw_background_position=&#8221;center&#8221; nfw_youtube_mute=&#8221;&#8221; nfw_video_ratio=&#8221;16:9&#8243; css=&#8221;.vc_custom_1434454759192{padding-top: 100px !important;}&#8221; nfw_row_anchor=&#8221;bio_section&#8221;][vc_column][\/vc_column][\/vc_row][vc_row nfw_parallax_effect=&#8221;fixed&#8221; nfw_background_style=&#8221;cover&#8221; nfw_background_position=&#8221;center&#8221; nfw_youtube_mute=&#8221;&#8221; nfw_video_ratio=&#8221;16:9&#8243; nfw_row_anchor=&#8221;about-me-wrapper&#8221;][vc_column][vc_column_text el_class=&#8221;offset1 span10&#8243;] Suchen Sie nach eine einzigartige und authentische Frau, die ein leidenschaftliches Leben f\u00fchrt? Dann sollten Sie mich kennenlernen&#8230;. Durch meine liebevolle, hingebungsvolle Art und strahlende Pers\u00f6nlichkeit lassen [&hellip;]<\/p>\n","protected":false},"author":2,"featured_media":0,"parent":0,"menu_order":1,"comment_status":"open","ping_status":"closed","template":"front-page.php","meta":[],"yoast_head":"<!-- This site is optimized with the Yoast SEO plugin v15.5 - https:\/\/yoast.com\/wordpress\/plugins\/seo\/ -->\n<title>Home - Chloe<\/title>\n<meta name=\"robots\" content=\"index, follow, max-snippet:-1, max-image-preview:large, max-video-preview:-1\" \/>\n<link rel=\"canonical\" href=\"https:\/\/misschloe.thevelvetrooms.com\/de\/\" \/>\n<meta property=\"og:locale\" content=\"de_DE\" \/>\n<meta property=\"og:type\" content=\"article\" \/>\n<meta property=\"og:title\" content=\"Home - Chloe\" \/>\n<meta property=\"og:description\" content=\"[vc_row full_width=&#8221;stretch_row_content_no_spaces&#8221; nfw_background_effect=&#8221;none&#8221; nfw_parallax_effect=&#8221;fixed&#8221; nfw_background_style=&#8221;cover&#8221; nfw_background_position=&#8221;center&#8221; nfw_youtube_mute=&#8221;&#8221; nfw_video_ratio=&#8221;16:9&#8243; nfw_row_anchor=&#8221;home_section&#8221;][vc_column][rev_slider_vc alias=&#8221;home-slider-de&#8221;][\/vc_column][\/vc_row][vc_row nfw_background_effect=&#8221;none&#8221; nfw_parallax_effect=&#8221;fixed&#8221; nfw_background_style=&#8221;cover&#8221; nfw_background_position=&#8221;center&#8221; nfw_youtube_mute=&#8221;&#8221; nfw_video_ratio=&#8221;16:9&#8243; css=&#8221;.vc_custom_1434454759192{padding-top: 100px !important;}&#8221; nfw_row_anchor=&#8221;bio_section&#8221;][vc_column][\/vc_column][\/vc_row][vc_row nfw_parallax_effect=&#8221;fixed&#8221; nfw_background_style=&#8221;cover&#8221; nfw_background_position=&#8221;center&#8221; nfw_youtube_mute=&#8221;&#8221; nfw_video_ratio=&#8221;16:9&#8243; nfw_row_anchor=&#8221;about-me-wrapper&#8221;][vc_column][vc_column_text el_class=&#8221;offset1 span10&#8243;] Suchen Sie nach eine einzigartige und authentische Frau, die ein leidenschaftliches Leben f\u00fchrt? Dann sollten Sie mich kennenlernen&#8230;. Durch meine liebevolle, hingebungsvolle Art und strahlende Pers\u00f6nlichkeit lassen [&hellip;]\" \/>\n<meta property=\"og:url\" content=\"https:\/\/misschloe.thevelvetrooms.com\/de\/\" \/>\n<meta property=\"og:site_name\" content=\"Chloe\" \/>\n<meta property=\"article:modified_time\" content=\"2020-12-17T14:29:45+00:00\" \/>\n<meta name=\"twitter:card\" content=\"summary_large_image\" \/>\n<meta name=\"twitter:label1\" content=\"Gesch\u00e4tzte Lesezeit\">\n\t<meta name=\"twitter:data1\" content=\"3\u00a0Minuten\">\n<script type=\"application\/ld+json\" class=\"yoast-schema-graph\">{\"@context\":\"https:\/\/schema.org\",\"@graph\":[{\"@type\":\"WebSite\",\"@id\":\"https:\/\/misschloe.thevelvetrooms.com\/#website\",\"url\":\"https:\/\/misschloe.thevelvetrooms.com\/\",\"name\":\"Chloe\",\"description\":\"Enjoy the ultimate girlfriend-experience\",\"potentialAction\":[{\"@type\":\"SearchAction\",\"target\":\"https:\/\/misschloe.thevelvetrooms.com\/?s={search_term_string}\",\"query-input\":\"required name=search_term_string\"}],\"inLanguage\":\"de\"},{\"@type\":\"WebPage\",\"@id\":\"https:\/\/misschloe.thevelvetrooms.com\/de\/#webpage\",\"url\":\"https:\/\/misschloe.thevelvetrooms.com\/de\/\",\"name\":\"Home - Chloe\",\"isPartOf\":{\"@id\":\"https:\/\/misschloe.thevelvetrooms.com\/#website\"},\"datePublished\":\"2015-06-16T07:54:07+00:00\",\"dateModified\":\"2020-12-17T14:29:45+00:00\",\"inLanguage\":\"de\",\"potentialAction\":[{\"@type\":\"ReadAction\",\"target\":[\"https:\/\/misschloe.thevelvetrooms.com\/de\/\"]}]}]}<\/script>\n<!-- \/ Yoast SEO plugin. -->","_links":{"self":[{"href":"https:\/\/misschloe.thevelvetrooms.com\/de\/wp-json\/wp\/v2\/pages\/579"}],"collection":[{"href":"https:\/\/misschloe.thevelvetrooms.com\/de\/wp-json\/wp\/v2\/pages"}],"about":[{"href":"https:\/\/misschloe.thevelvetrooms.com\/de\/wp-json\/wp\/v2\/types\/page"}],"author":[{"embeddable":true,"href":"https:\/\/misschloe.thevelvetrooms.com\/de\/wp-json\/wp\/v2\/users\/2"}],"replies":[{"embeddable":true,"href":"https:\/\/misschloe.thevelvetrooms.com\/de\/wp-json\/wp\/v2\/comments?post=579"}],"version-history":[{"count":9,"href":"https:\/\/misschloe.thevelvetrooms.com\/de\/wp-json\/wp\/v2\/pages\/579\/revisions"}],"predecessor-version":[{"id":982,"href":"https:\/\/misschloe.thevelvetrooms.com\/de\/wp-json\/wp\/v2\/pages\/579\/revisions\/982"}],"wp:attachment":[{"href":"https:\/\/misschloe.thevelvetrooms.com\/de\/wp-json\/wp\/v2\/media?parent=579"}],"curies":[{"name":"wp","href":"https:\/\/api.w.org\/{rel}","templated":true}]}}